{"id":53,"date":"2020-01-09T08:51:12","date_gmt":"2020-01-09T07:51:12","guid":{"rendered":"https:\/\/www.lisenostatky.cz\/wordpress\/?page_id=53"},"modified":"2026-02-02T20:51:33","modified_gmt":"2026-02-02T19:51:33","slug":"aktualne","status":"publish","type":"page","link":"https:\/\/www.lisenostatky.cz\/wordpress\/","title":{"rendered":"Aktu\u00e1ln\u011b"},"content":{"rendered":"\n<p class=\"has-text-align-center\">U\u017e se n\u00e1m to bl\u00ed\u017e\u00ed! <\/p>\n\n\n\n<p class=\"has-text-align-center\"><strong>14.2. od 14:00 se na v\u00e1s t\u011b\u0161\u00edme!<\/strong><\/p>\n","protected":false},"excerpt":{"rendered":"<p>U\u017e se n\u00e1m to bl\u00ed\u017e\u00ed! 14.2. od 14:00 se na v\u00e1s t\u011b\u0161\u00edme!<\/p>\n","protected":false},"author":1,"featured_media":0,"parent":0,"menu_order":0,"comment_status":"closed","ping_status":"closed","template":"","meta":[],"_links":{"self":[{"href":"https:\/\/www.lisenostatky.cz\/wordpress\/wp-json\/wp\/v2\/pages\/53"}],"collection":[{"href":"https:\/\/www.lisenostatky.cz\/wordpress\/wp-json\/wp\/v2\/pages"}],"about":[{"href":"https:\/\/www.lisenostatky.cz\/wordpress\/wp-json\/wp\/v2\/types\/page"}],"author":[{"embeddable":true,"href":"https:\/\/www.lisenostatky.cz\/wordpress\/wp-json\/wp\/v2\/users\/1"}],"replies":[{"embeddable":true,"href":"https:\/\/www.lisenostatky.cz\/wordpress\/wp-json\/wp\/v2\/comments?post=53"}],"version-history":[{"count":30,"href":"https:\/\/www.lisenostatky.cz\/wordpress\/wp-json\/wp\/v2\/pages\/53\/revisions"}],"predecessor-version":[{"id":263,"href":"https:\/\/www.lisenostatky.cz\/wordpress\/wp-json\/wp\/v2\/pages\/53\/revisions\/263"}],"wp:attachment":[{"href":"https:\/\/www.lisenostatky.cz\/wordpress\/wp-json\/wp\/v2\/media?parent=53"}],"curies":[{"name":"wp","href":"https:\/\/api.w.org\/{rel}","templated":true}]}}